{"id":57,"date":"2022-01-17T08:47:45","date_gmt":"2022-01-17T07:47:45","guid":{"rendered":"http:\/\/hunggarteam.it\/?page_id=57"},"modified":"2022-03-18T10:03:36","modified_gmt":"2022-03-18T09:03:36","slug":"la-storia","status":"publish","type":"page","link":"https:\/\/hunggarteam.it\/?page_id=57","title":{"rendered":"Storia"},"content":{"rendered":"<p><div class=\"fusion-fullwidth fullwidth-box fusion-builder-row-1 fusion-flex-container nonhundred-percent-fullwidth non-hundred-percent-height-scrolling\" style=\"--awb-border-radius-top-left:0px;--awb-border-radius-top-right:0px;--awb-border-radius-bottom-right:0px;--awb-border-radius-bottom-left:0px;--awb-flex-wrap:wrap;\" ><div class=\"fusion-builder-row fusion-row fusion-flex-align-items-flex-start fusion-flex-content-wrap\" style=\"max-width:1248px;margin-left: calc(-4% \/ 2 );margin-right: calc(-4% \/ 2 );\"><div class=\"fusion-layout-column fusion_builder_column fusion-builder-column-0 fusion_builder_column_1_1 1_1 fusion-flex-column\" style=\"--awb-bg-size:cover;--awb-width-large:100%;--awb-margin-top-large:0px;--awb-spacing-right-large:1.92%;--awb-margin-bottom-large:20px;--awb-spacing-left-large:1.92%;--awb-width-medium:100%;--awb-order-medium:0;--awb-spacing-right-medium:1.92%;--awb-spacing-left-medium:1.92%;--awb-width-small:100%;--awb-order-small:0;--awb-spacing-right-small:1.92%;--awb-spacing-left-small:1.92%;\"><div class=\"fusion-column-wrapper fusion-column-has-shadow fusion-flex-justify-content-flex-start fusion-content-layout-column\"><div class=\"fusion-text fusion-text-1\" style=\"--awb-text-transform:none;\"><h4>Breve storia del nostro sistema<\/h4>\n<hr \/>\n<h4><\/h4>\n<\/div><div class=\"fusion-text fusion-text-2 fusion-animated\" style=\"--awb-text-transform:none;\" data-animationType=\"bounceInLeft\" data-animationDuration=\"1.0\" data-animationOffset=\"top-into-view\"><p><strong>Origini<\/strong><\/p>\n<p>L&#8217;origine dell&#8217;Hung Gar \u00e8 relativamente recente, nasce ufficialmente nel 1805 nella citt\u00e0 di Hua Du, nel Gwangdong, quando il suo fondatore, Hung Hei Gwun, apre una propria scuola dove insegna il frutto delle sue esperienze marziali.<br \/>\nPoco importa in questa sede conoscere le origini e i maestri di Hung Hei Gwun in quanto non storicamente provabili.<br \/>\nHung Gar Kuen, questo il nome completo dello stile, significa semplicemente &#8220;Pugno della famiglia Hung.&#8221;<\/p>\n<\/div><div class=\"fusion-text fusion-text-3 fusion-animated\" style=\"--awb-text-transform:none;\" data-animationType=\"bounceIn\" data-animationDuration=\"1.0\" data-animationOffset=\"top-into-view\"><p><strong>Evoluzione<\/strong><\/p>\n<p>L&#8217;Hung Gar nasce con un bagaglio tecnico abbastanza circoscritto; dalla morte del fondatore, avvenuta all&#8217;incirca nel 1825, i suoi successori aggiungono progressivamente diverse pratiche arricchendo notevolmente lo stile.<br \/>\nUna delle caratteristiche dell&#8217;Hung Gar e&#8217; quello di aver inglobato nel tempo concetti, principi e tecniche creando un sistema completo comprendente tutti gli aspetti e le distanze del combattimento.<br \/>\nNon si pensi per\u00f2 che l&#8217;Hung Gar sia un accozzaglia di tecniche senza n\u00e9 capo n\u00e9 coda, si tratta di un tutt&#8217; uno estremamente sinergico, le varie &#8220;influenze esterne&#8221; sono confluite nell&#8217;Hung Gar in maniera estremamente progressiva e diluita nel tempo e questo ha consentito di poterle assimilare e fare proprie.<\/p>\n<\/div><div class=\"fusion-text fusion-text-4 fusion-animated\" style=\"--awb-text-transform:none;\" data-animationType=\"bounceInRight\" data-animationDuration=\"1.0\" data-animationOffset=\"top-into-view\"><p><strong>L&#8217;Hung Gar oggi.<\/strong><\/p>\n<p>Al giorno d&#8217;oggi l&#8217;Hung Gar \u00e8 diventato uno stile diffusissimo e praticato in ogni parte del mondo.<br \/>\nCol passare del tempo la pratica \u00e8 andata differenziandosi tra le varie famiglie, creando cinque principali gruppi, creando diversi programmi e metodi d&#8217;allenamento.<br \/>\nIn ogni gruppo vengono conservante intatte le caratteristiche salienti del sistema.<\/p>\n<\/div><\/div><\/div><\/div><\/div><div class=\"fusion-fullwidth fullwidth-box fusion-builder-row-2 fusion-flex-container nonhundred-percent-fullwidth non-hundred-percent-height-scrolling\" style=\"--awb-border-radius-top-left:0px;--awb-border-radius-top-right:0px;--awb-border-radius-bottom-right:0px;--awb-border-radius-bottom-left:0px;--awb-flex-wrap:wrap;\" ><div class=\"fusion-builder-row fusion-row fusion-flex-align-items-flex-start fusion-flex-content-wrap\" style=\"max-width:1248px;margin-left: calc(-4% \/ 2 );margin-right: calc(-4% \/ 2 );\"><div class=\"fusion-layout-column fusion_builder_column fusion-builder-column-1 fusion_builder_column_1_5 1_5 fusion-flex-column\" style=\"--awb-bg-size:cover;--awb-width-large:20%;--awb-margin-top-large:0px;--awb-spacing-right-large:9.6%;--awb-margin-bottom-large:20px;--awb-spacing-left-large:9.6%;--awb-width-medium:20%;--awb-order-medium:0;--awb-spacing-right-medium:9.6%;--awb-spacing-left-medium:9.6%;--awb-width-small:100%;--awb-order-small:0;--awb-spacing-right-small:1.92%;--awb-spacing-left-small:1.92%;\"><div class=\"fusion-column-wrapper fusion-column-has-shadow fusion-flex-justify-content-flex-start fusion-content-layout-column\"><div ><a class=\"fusion-button button-flat fusion-button-default-size button-custom fusion-button-default button-1 fusion-button-default-span fusion-button-default-type fusion-animated\" style=\"--button_accent_color:var(--awb-color4);--button_accent_hover_color:var(--awb-color8);--button_border_hover_color:var(--awb-color1);--button_gradient_top_color:var(--awb-color8);--button_gradient_bottom_color:var(--awb-color8);--button_gradient_top_color_hover:hsla(var(--awb-color4-h),calc(var(--awb-color4-s) - 5%),calc(var(--awb-color4-l) - 10%),var(--awb-color4-a));--button_gradient_bottom_color_hover:hsla(var(--awb-color4-h),calc(var(--awb-color4-s) - 5%),calc(var(--awb-color4-l) - 10%),var(--awb-color4-a));\" data-animationType=\"bounceInUp\" data-animationDuration=\"1.0\" data-animationOffset=\"top-into-view\" target=\"_self\" href=\"https:\/\/hunggarteam.it\/?page_id=18\"><span class=\"fusion-button-text\">L&#8217;Hung Gar<\/span><\/a><\/div><\/div><\/div><div class=\"fusion-layout-column fusion_builder_column fusion-builder-column-2 fusion_builder_column_1_5 1_5 fusion-flex-column\" style=\"--awb-bg-size:cover;--awb-width-large:20%;--awb-margin-top-large:0px;--awb-spacing-right-large:9.6%;--awb-margin-bottom-large:20px;--awb-spacing-left-large:9.6%;--awb-width-medium:20%;--awb-order-medium:0;--awb-spacing-right-medium:9.6%;--awb-spacing-left-medium:9.6%;--awb-width-small:100%;--awb-order-small:0;--awb-spacing-right-small:1.92%;--awb-spacing-left-small:1.92%;\"><div class=\"fusion-column-wrapper fusion-column-has-shadow fusion-flex-justify-content-flex-start fusion-content-layout-column\"><div ><a class=\"fusion-button button-flat fusion-button-default-size button-custom fusion-button-default button-2 fusion-button-default-span fusion-button-default-type fusion-animated\" style=\"--button_accent_color:var(--awb-color8);--button_accent_hover_color:var(--awb-color4);--button_border_hover_color:var(--awb-color1);--button_gradient_top_color:var(--awb-color4);--button_gradient_bottom_color:var(--awb-color4);--button_gradient_top_color_hover:var(--awb-color8);--button_gradient_bottom_color_hover:var(--awb-color8);\" data-animationType=\"bounceInUp\" data-animationDuration=\"1.0\" data-animationOffset=\"top-into-view\" target=\"_self\" title=\"La storia\" aria-label=\"La storia\" href=\"https:\/\/hunggarteam.it\/?page_id=57\"><span class=\"fusion-button-text\">La storia<\/span><\/a><\/div><\/div><\/div><div class=\"fusion-layout-column fusion_builder_column fusion-builder-column-3 fusion_builder_column_1_5 1_5 fusion-flex-column\" style=\"--awb-bg-size:cover;--awb-width-large:20%;--awb-margin-top-large:0px;--awb-spacing-right-large:9.6%;--awb-margin-bottom-large:20px;--awb-spacing-left-large:9.6%;--awb-width-medium:20%;--awb-order-medium:0;--awb-spacing-right-medium:9.6%;--awb-spacing-left-medium:9.6%;--awb-width-small:100%;--awb-order-small:0;--awb-spacing-right-small:1.92%;--awb-spacing-left-small:1.92%;\"><div class=\"fusion-column-wrapper fusion-column-has-shadow fusion-flex-justify-content-flex-start fusion-content-layout-column\"><div ><a class=\"fusion-button button-flat fusion-button-default-size button-custom fusion-button-default button-3 fusion-button-default-span fusion-button-default-type fusion-animated\" style=\"--button_accent_color:var(--awb-color4);--button_accent_hover_color:var(--awb-color8);--button_border_hover_color:var(--awb-color1);--button_gradient_top_color:var(--awb-color8);--button_gradient_bottom_color:var(--awb-color8);--button_gradient_top_color_hover:hsla(var(--awb-color4-h),calc(var(--awb-color4-s) - 5%),calc(var(--awb-color4-l) - 10%),var(--awb-color4-a));--button_gradient_bottom_color_hover:hsla(var(--awb-color4-h),calc(var(--awb-color4-s) - 5%),calc(var(--awb-color4-l) - 10%),var(--awb-color4-a));\" data-animationType=\"bounceInUp\" data-animationDuration=\"1.0\" data-animationOffset=\"top-into-view\" target=\"_self\" href=\"https:\/\/hunggarteam.it\/?page_id=59\"><span class=\"fusion-button-text\">Le armi<\/span><\/a><\/div><\/div><\/div><div class=\"fusion-layout-column fusion_builder_column fusion-builder-column-4 fusion_builder_column_1_5 1_5 fusion-flex-column\" style=\"--awb-bg-size:cover;--awb-width-large:20%;--awb-margin-top-large:0px;--awb-spacing-right-large:9.6%;--awb-margin-bottom-large:20px;--awb-spacing-left-large:9.6%;--awb-width-medium:20%;--awb-order-medium:0;--awb-spacing-right-medium:9.6%;--awb-spacing-left-medium:9.6%;--awb-width-small:100%;--awb-order-small:0;--awb-spacing-right-small:1.92%;--awb-spacing-left-small:1.92%;\"><div class=\"fusion-column-wrapper fusion-column-has-shadow fusion-flex-justify-content-flex-start fusion-content-layout-column\"><div ><a class=\"fusion-button button-flat fusion-button-default-size button-custom fusion-button-default button-4 fusion-button-default-span fusion-button-default-type fusion-animated\" style=\"--button_accent_color:var(--awb-color4);--button_accent_hover_color:var(--awb-color8);--button_border_hover_color:var(--awb-color1);--button_gradient_top_color:var(--awb-color8);--button_gradient_bottom_color:var(--awb-color8);--button_gradient_top_color_hover:hsla(var(--awb-color4-h),calc(var(--awb-color4-s) - 5%),calc(var(--awb-color4-l) - 10%),var(--awb-color4-a));--button_gradient_bottom_color_hover:hsla(var(--awb-color4-h),calc(var(--awb-color4-s) - 5%),calc(var(--awb-color4-l) - 10%),var(--awb-color4-a));\" data-animationType=\"bounceInUp\" data-animationDuration=\"1.0\" data-animationOffset=\"top-into-view\" target=\"_self\" href=\"https:\/\/hunggarteam.it\/?page_id=61\"><span class=\"fusion-button-text\">Il saluto<\/span><\/a><\/div><\/div><\/div><div class=\"fusion-layout-column fusion_builder_column fusion-builder-column-5 fusion_builder_column_1_5 1_5 fusion-flex-column\" style=\"--awb-bg-size:cover;--awb-width-large:20%;--awb-margin-top-large:0px;--awb-spacing-right-large:9.6%;--awb-margin-bottom-large:20px;--awb-spacing-left-large:9.6%;--awb-width-medium:20%;--awb-order-medium:0;--awb-spacing-right-medium:9.6%;--awb-spacing-left-medium:9.6%;--awb-width-small:100%;--awb-order-small:0;--awb-spacing-right-small:1.92%;--awb-spacing-left-small:1.92%;\"><div class=\"fusion-column-wrapper fusion-column-has-shadow fusion-flex-justify-content-flex-start fusion-content-layout-column\"><div ><a class=\"fusion-button button-flat fusion-button-default-size button-custom fusion-button-default button-5 fusion-button-default-span fusion-button-default-type fusion-animated\" style=\"--button_accent_color:var(--awb-color4);--button_accent_hover_color:var(--awb-color8);--button_border_hover_color:var(--awb-color1);--button_gradient_top_color:var(--awb-color8);--button_gradient_bottom_color:var(--awb-color8);--button_gradient_top_color_hover:hsla(var(--awb-color4-h),calc(var(--awb-color4-s) - 5%),calc(var(--awb-color4-l) - 10%),var(--awb-color4-a));--button_gradient_bottom_color_hover:hsla(var(--awb-color4-h),calc(var(--awb-color4-s) - 5%),calc(var(--awb-color4-l) - 10%),var(--awb-color4-a));\" data-animationType=\"bounceInUp\" data-animationDuration=\"1.0\" data-animationOffset=\"top-into-view\" target=\"_self\" href=\"https:\/\/hunggarteam.it\/?page_id=63\"><span class=\"fusion-button-text\">Combattimento<\/span><\/a><\/div><\/div><\/div><\/div><\/div><\/p>\n","protected":false},"excerpt":{"rendered":"","protected":false},"author":2,"featured_media":0,"parent":0,"menu_order":0,"comment_status":"closed","ping_status":"closed","template":"","meta":{"footnotes":""},"class_list":["post-57","page","type-page","status-publish","hentry"],"aioseo_notices":[],"_links":{"self":[{"href":"https:\/\/hunggarteam.it\/index.php?rest_route=\/wp\/v2\/pages\/57","targetHints":{"allow":["GET"]}}],"collection":[{"href":"https:\/\/hunggarteam.it\/index.php?rest_route=\/wp\/v2\/pages"}],"about":[{"href":"https:\/\/hunggarteam.it\/index.php?rest_route=\/wp\/v2\/types\/page"}],"author":[{"embeddable":true,"href":"https:\/\/hunggarteam.it\/index.php?rest_route=\/wp\/v2\/users\/2"}],"replies":[{"embeddable":true,"href":"https:\/\/hunggarteam.it\/index.php?rest_route=%2Fwp%2Fv2%2Fcomments&post=57"}],"version-history":[{"count":21,"href":"https:\/\/hunggarteam.it\/index.php?rest_route=\/wp\/v2\/pages\/57\/revisions"}],"predecessor-version":[{"id":926,"href":"https:\/\/hunggarteam.it\/index.php?rest_route=\/wp\/v2\/pages\/57\/revisions\/926"}],"wp:attachment":[{"href":"https:\/\/hunggarteam.it\/index.php?rest_route=%2Fwp%2Fv2%2Fmedia&parent=57"}],"curies":[{"name":"wp","href":"https:\/\/api.w.org\/{rel}","templated":true}]}}